{"id":309,"date":"2020-01-13T11:17:52","date_gmt":"2020-01-13T11:17:52","guid":{"rendered":"https:\/\/demosites.io\/web-agency-gb\/?page_id=5"},"modified":"2025-09-24T09:51:15","modified_gmt":"2025-09-24T07:51:15","slug":"home","status":"publish","type":"page","link":"https:\/\/www.el-maschinenboerse.de\/en\/","title":{"rendered":"HOME"},"content":{"rendered":"<div class=\"wp-block-cover alignfull wp-duotone-unset-1\" style=\"min-height:600px;aspect-ratio:unset;\"><img loading=\"lazy\" decoding=\"async\" width=\"2000\" height=\"1134\" class=\"wp-block-cover__image-background wp-image-369 size-full\" alt=\"\" src=\"https:\/\/www.el-maschinenboerse.de\/wp-content\/uploads\/2025\/08\/Headerbild.jpg\" data-object-fit=\"cover\" srcset=\"https:\/\/www.el-maschinenboerse.de\/wp-content\/uploads\/2025\/08\/Headerbild.jpg 2000w, https:\/\/www.el-maschinenboerse.de\/wp-content\/uploads\/2025\/08\/Headerbild-300x170.jpg 300w, https:\/\/www.el-maschinenboerse.de\/wp-content\/uploads\/2025\/08\/Headerbild-1024x581.jpg 1024w, https:\/\/www.el-maschinenboerse.de\/wp-content\/uploads\/2025\/08\/Headerbild-768x435.jpg 768w, https:\/\/www.el-maschinenboerse.de\/wp-content\/uploads\/2025\/08\/Headerbild-1536x871.jpg 1536w\" sizes=\"auto, (max-width: 2000px) 100vw, 2000px\" \/><span aria-hidden=\"true\" class=\"wp-block-cover__background has-theme-palette-4-background-color has-background-dim\"><\/span><div class=\"wp-block-cover__inner-container is-layout-flow wp-block-cover-is-layout-flow\">\n<h1 class=\"wp-block-heading has-text-align-center animated backInDown ticss-ff23780f has-nv-site-bg-color has-text-color has-xxlarge-font-size\" style=\"border-style:none;border-width:0px;padding-top:var(--wp--preset--spacing--50);padding-right:0rem;padding-bottom:var(--wp--preset--spacing--50);padding-left:0rem\"><mark style=\"background-color:var(--global-palette4)\" class=\"has-inline-color has-theme-palette-3-color\">PURCHASE AND SALE OF MACHINERY FOR THE CONCRETE AND NATURAL STONE INDUSTRIES<\/mark><\/h1>\n\n\n\n<h2 class=\"wp-block-heading has-text-align-center animated backInUp has-nv-site-bg-color has-text-color has-large-font-size\" style=\"padding-top:0;padding-right:0;padding-bottom:0;padding-left:0\"><mark style=\"background-color:var(--global-palette4)\" class=\"has-inline-color has-theme-palette-3-color\"><strong><strong>DON\u2019T MISS OUR NEW MACHINERY OFFERS <\/strong><\/strong><br><strong><strong>SUBSCRIBE <strong><strong>TO OUR MONTH<\/strong><\/strong><\/strong><\/strong>LY <strong><strong>NEWSLETTER FOR FREE<\/strong><\/strong><\/mark><\/h2>\n\n\n\n<div style=\"height:36px\" aria-hidden=\"true\" class=\"wp-block-spacer\"><\/div>\n\n\n\n<div class=\"wp-block-buttons is-horizontal is-content-justification-center is-layout-flex wp-container-core-buttons-is-layout-1fd7682e wp-block-buttons-is-layout-flex\" style=\"padding-right:0;padding-left:0\">\n<div class=\"wp-block-button is-style-primary animated heartBeat delay-100ms slower\"><a class=\"wp-block-button__link has-custom-font-size wp-element-button\" href=\"\/en\/newsletter\/\" style=\"border-radius:0px;padding-top:var(--wp--preset--spacing--40);padding-right:var(--wp--preset--spacing--60);padding-bottom:var(--wp--preset--spacing--40);padding-left:var(--wp--preset--spacing--60);font-size:24px\"><strong>SIGN UP<\/strong><strong> FOR FREE<\/strong><\/a><\/div>\n<\/div>\n<\/div><\/div>\n\n\n\n<div style=\"height:32px\" aria-hidden=\"true\" class=\"wp-block-spacer\"><\/div>\n\n\n\n<div class=\"wp-block-columns are-vertically-aligned-top ticss-4303cbe6 is-layout-flex wp-container-core-columns-is-layout-268c24e9 wp-block-columns-is-layout-flex\" style=\"margin-top:var(--wp--preset--spacing--80);margin-bottom:var(--wp--preset--spacing--80);padding-right:var(--wp--preset--spacing--60);padding-left:var(--wp--preset--spacing--60)\">\n<div class=\"wp-block-column is-vertically-aligned-top is-layout-flow wp-block-column-is-layout-flow\" style=\"flex-basis:25vw\"><div class=\"wp-block-image\">\n<figure class=\"aligncenter size-full is-resized\"><img loading=\"lazy\" decoding=\"async\" width=\"690\" height=\"829\" src=\"https:\/\/el-maschinenboerse.de\/wp-content\/uploads\/2025\/08\/Icon_30.png\" alt=\"\" class=\"wp-image-438\" style=\"width:110px\" srcset=\"https:\/\/www.el-maschinenboerse.de\/wp-content\/uploads\/2025\/08\/Icon_30.png 690w, https:\/\/www.el-maschinenboerse.de\/wp-content\/uploads\/2025\/08\/Icon_30-250x300.png 250w\" sizes=\"auto, (max-width: 690px) 100vw, 690px\" \/><\/figure>\n<\/div>\n\n\n<h3 class=\"wp-block-heading has-text-align-center has-theme-palette-4-color has-text-color\"><strong>OVER 30 YEARS OF EXPERIENCE<\/strong><\/h3>\n\n\n\n<p class=\"has-text-align-center\"><br>For more than three decades, we have been active in the <strong>purchase and sale of used machinery for the concrete and natural stone industries.<\/strong> With <strong>reliability, expertise, and fair market prices,<\/strong> we ensure that used machines find new, dependable fields of operation.<\/p>\n<\/div>\n\n\n\n<div class=\"wp-block-column is-layout-flow wp-block-column-is-layout-flow\" style=\"flex-basis:40px\"><\/div>\n\n\n\n<div class=\"wp-block-column is-vertically-aligned-top is-layout-flow wp-block-column-is-layout-flow\" style=\"flex-basis:25vw\"><div class=\"wp-block-image\">\n<figure class=\"aligncenter size-full is-resized\"><img loading=\"lazy\" decoding=\"async\" width=\"598\" height=\"718\" src=\"https:\/\/el-maschinenboerse.de\/wp-content\/uploads\/2025\/08\/Icon_liste.png\" alt=\"\" class=\"wp-image-439\" style=\"width:110px\" srcset=\"https:\/\/www.el-maschinenboerse.de\/wp-content\/uploads\/2025\/08\/Icon_liste.png 598w, https:\/\/www.el-maschinenboerse.de\/wp-content\/uploads\/2025\/08\/Icon_liste-250x300.png 250w\" sizes=\"auto, (max-width: 598px) 100vw, 598px\" \/><\/figure>\n<\/div>\n\n\n<h3 class=\"wp-block-heading has-text-align-center has-theme-palette-4-color has-text-color\"><strong>ALL-INCLUSIVE SERVICE<\/strong><\/h3>\n\n\n\n<p class=\"has-text-align-center\"><br>From <strong>engineering consultation<\/strong> to <strong>disassembly and reassembly,<\/strong> including <strong>plant planning, international transport, and customs clearance<\/strong> \u2013 we offer you comprehensive service for your <strong>used machines and equipment<\/strong>.<\/p>\n\n\n\n<div style=\"height:20px\" aria-hidden=\"true\" class=\"wp-block-spacer\"><\/div>\n<\/div>\n<\/div>\n\n\n\n<div id=\"wp-block-themeisle-blocks-advanced-columns-34e7bd35\" class=\"wp-block-themeisle-blocks-advanced-columns has-1-columns has-desktop-equal-layout has-tablet-equal-layout has-mobile-equal-layout has-vertical-unset\"><div class=\"wp-block-themeisle-blocks-advanced-columns-overlay\"><\/div><div class=\"innerblocks-wrap\">\n<div id=\"wp-block-themeisle-blocks-advanced-column-a3ab1eeb\" class=\"wp-block-themeisle-blocks-advanced-column\">\n<h2 id=\"wp-block-themeisle-blocks-advanced-heading-0304c72d\" class=\"wp-block-themeisle-blocks-advanced-heading wp-block-themeisle-blocks-advanced-heading-0304c72d animated backInUp\">LATEST ARRIVALS<\/h2>\n\n\n\n\n\n<table id=\"tablepress-2\" class=\"tablepress tablepress-id-2\">\n<thead>\n<tr class=\"row-1\">\n\t<th class=\"column-1\">No.<\/th><th class=\"column-2\">Name<\/th><th class=\"column-3\">Description<\/th>\n<\/tr>\n<\/thead>\n<tbody class=\"row-striping row-hover\">\n<tr class=\"row-2\">\n\t<td class=\"column-1\">RA 119<\/td><td class=\"column-2\">Used filigree slab production line consisting of 2 slab tracks, each 60 m<\/td><td class=\"column-3\">Fertigungsbreite 2,50 m, inkl. Plotter, inkl. Fertiger, inkl. Querabschaler,<\/td>\n<\/tr>\n<tr class=\"row-3\">\n\t<td class=\"column-1\">RA 201<\/td><td class=\"column-2\">gebr. Stabteilschalung Fabr. Technoplan<\/td><td class=\"column-3\">L\u00e4nge = 26,50 m, max. Kammerma\u00df = 1,65 m x 1,80 m, Stahlschalung, inkl. R\u00fcttelanlage (R\u00fcttler, Umformer) Schalung ist hydraulisch verfahrbar<\/td>\n<\/tr>\n<tr class=\"row-4\">\n\t<td class=\"column-1\">RA 223<\/td><td class=\"column-2\">gebr. VARIOTOP-Treppenschalung Typ 18\/150, zur \u00dcberkopf-liegenden Herstellung von grandl\u00e4ufigen Fertigteiltreppen Typ 18\/150<\/td><td class=\"column-3\">max. 18 Stufen, Stufenkorpus kann hydraulisch gekippt werden, maximale Nennbreite der Stufen betr\u00e4gt 1,50 m, einstellbare Steigungsbereich betr\u00e4gt 150-200 mm, Auftrittsbereich 250-310 mm<\/td>\n<\/tr>\n<tr class=\"row-5\">\n\t<td class=\"column-1\">RA 224<\/td><td class=\"column-2\">4 gebr. ALPHAFLEX-Treppenschalungen zur \u00dcberkopf-Produktion von gewendelten Treppenl\u00e4ufen<\/td><td class=\"column-3\">Produktionsm\u00f6glichkeiten: Gewendelte Treppenl\u00e4ufe bis zu einer Laufbreite von 1,20 m in nahezu jeder beliebigen Geometrie<\/td>\n<\/tr>\n<tr class=\"row-6\">\n\t<td class=\"column-1\">RA 119<\/td><td class=\"column-2\">gebr. Filigrandeckenanlage bestehend aus 2 Deckenbahnen a 60 m<\/td><td class=\"column-3\">Fertigungsbreite 2,50 m, inkl. Plotter, inkl. Fertiger, inkl. Querabschaler,<\/td>\n<\/tr>\n<\/tbody>\n<\/table>\n<!-- #tablepress-2 from cache --><\/div>\n<\/div><\/div>\n\n\n\n<div class=\"wp-block-cover alignfull is-light\" style=\"min-height:766px;aspect-ratio:unset;\"><span aria-hidden=\"true\" class=\"wp-block-cover__background has-background-dim-100 has-background-dim\" style=\"background-color:#ffffff\"><\/span><div class=\"wp-block-cover__inner-container is-layout-flow wp-block-cover-is-layout-flow\">\n<div class=\"wp-block-media-text alignwide is-stacked-on-mobile is-vertically-aligned-center is-image-fill-element\" style=\"grid-template-columns:56% auto\"><figure class=\"wp-block-media-text__media\"><img loading=\"lazy\" decoding=\"async\" width=\"1024\" height=\"576\" src=\"https:\/\/el-maschinenboerse.de\/wp-content\/uploads\/2025\/08\/collage_maschinen-1024x576.jpeg\" alt=\"\" class=\"wp-image-472 size-full\" style=\"object-position:29% 66%\" srcset=\"https:\/\/www.el-maschinenboerse.de\/wp-content\/uploads\/2025\/08\/collage_maschinen-1024x576.jpeg 1024w, https:\/\/www.el-maschinenboerse.de\/wp-content\/uploads\/2025\/08\/collage_maschinen-300x169.jpeg 300w, https:\/\/www.el-maschinenboerse.de\/wp-content\/uploads\/2025\/08\/collage_maschinen-768x432.jpeg 768w, https:\/\/www.el-maschinenboerse.de\/wp-content\/uploads\/2025\/08\/collage_maschinen.jpeg 1366w\" sizes=\"auto, (max-width: 1024px) 100vw, 1024px\" \/><\/figure><div class=\"wp-block-media-text__content\">\n<h2 class=\"wp-block-heading has-theme-palette-4-color has-text-color\" style=\"font-size:32px\"><strong>USED MACHINERY WANTED<\/strong><\/h2>\n\n\n\n<p class=\"has-theme-palette-4-color has-text-color\" style=\"font-size:17px\">We are continuously engaged in the acquisition and brokerage of used machinery and equipment for the concrete and natural stone industries.\nWith a Europe-wide network and more than 30 years of industry experience, we are able to identify suitable buyers efficiently and secure <strong>market-aligned prices<\/strong>. Whether you are offering a single machine or a complete production line \u2013 we ensure a reliable and professional handling of<strong> the entire transaction process<\/strong>.<\/p>\n\n\n\n<div class=\"wp-block-buttons is-layout-flex wp-block-buttons-is-layout-flex\">\n<div class=\"wp-block-button has-custom-width wp-block-button__width-100 is-style-fill\"><a class=\"wp-block-button__link wp-element-button\" href=\"https:\/\/www.el-maschinenboerse.de\/en\/kontakt\/\" style=\"border-radius:0px\"><strong>OFFER MACHINE NOW<\/strong><\/a><\/div>\n<\/div>\n<\/div><\/div>\n<\/div><\/div>\n\n\n\n<div id=\"wp-block-themeisle-blocks-advanced-columns-70ae2747\" class=\"wp-block-themeisle-blocks-advanced-columns alignfull has-2-columns has-desktop-equal-layout has-tablet-equal-layout has-mobile-collapsedRows-layout has-vertical-unset\"><div class=\"wp-block-themeisle-blocks-advanced-columns-overlay\"><\/div><div class=\"innerblocks-wrap\">\n<div id=\"wp-block-themeisle-blocks-advanced-column-ca42fd99\" class=\"wp-block-themeisle-blocks-advanced-column has-light-bg\">\n<span id=\"wp-block-themeisle-blocks-advanced-heading-4e8fcdbf\" class=\"wp-block-themeisle-blocks-advanced-heading wp-block-themeisle-blocks-advanced-heading-4e8fcdbf\"><strong><strong>Your Compact Overview<\/strong><\/strong><\/span>\n\n\n\n<h3 id=\"wp-block-themeisle-blocks-advanced-heading-db01e55e\" class=\"wp-block-themeisle-blocks-advanced-heading wp-block-themeisle-blocks-advanced-heading-db01e55e\">All used machines<br>at a glance<\/h3>\n<\/div>\n\n\n\n<div id=\"wp-block-themeisle-blocks-advanced-column-e02029fd\" class=\"wp-block-themeisle-blocks-advanced-column has-dark-bg\">\n<div class=\"wp-block-buttons is-horizontal is-content-justification-center is-layout-flex wp-container-core-buttons-is-layout-e8e03800 wp-block-buttons-is-layout-flex\" style=\"padding-top:17px;padding-bottom:17px\">\n<div class=\"wp-block-button\"><a class=\"wp-block-button__link has-medium-font-size has-custom-font-size wp-element-button\" href=\"https:\/\/www.el-maschinenboerse.de\/en\/aktuelle-maschinen-der-natursteinindustrie\/\">VIEW<br><strong>MACHINE OFFERS<\/strong><\/a><\/div>\n<\/div>\n<\/div>\n<\/div><\/div>\n\n\n\n<div class=\"wp-block-cover alignfull is-light\" style=\"min-height:766px;aspect-ratio:unset;\"><span aria-hidden=\"true\" class=\"wp-block-cover__background has-background-dim-100 has-background-dim\" style=\"background-color:#ffffff\"><\/span><div class=\"wp-block-cover__inner-container is-layout-flow wp-block-cover-is-layout-flow\">\n<div class=\"wp-block-media-text alignwide has-media-on-the-right is-stacked-on-mobile is-vertically-aligned-center is-image-fill-element\" style=\"grid-template-columns:auto 56%\"><div class=\"wp-block-media-text__content\">\n<h2 class=\"wp-block-heading has-theme-palette-4-color has-text-color\" style=\"font-size:32px\"><strong>ALWAYS ONE STEP AHEAD<\/strong><\/h2>\n\n\n\n<p class=\"has-theme-palette-4-color has-text-color\" style=\"font-size:17px\">Once a month, we send you our current machinery list by email \u2013 including all new arrivals and offers.\nStay informed and never miss an opportunity to discover used machinery for the concrete and natural stone industries. <strong>Completely free<\/strong> and <strong>can be unsubscribed at any time<\/strong>.<\/p>\n\n\n\n<div class=\"wp-block-buttons is-layout-flex wp-block-buttons-is-layout-flex\">\n<div class=\"wp-block-button has-custom-width wp-block-button__width-100 is-style-fill\"><a class=\"wp-block-button__link wp-element-button\" href=\"https:\/\/www.el-maschinenboerse.de\/en\/newsletter\/\" style=\"border-radius:0px\"><strong>SIGN UP NOW<\/strong><\/a><\/div>\n<\/div>\n<\/div><figure class=\"wp-block-media-text__media\"><img loading=\"lazy\" decoding=\"async\" width=\"1024\" height=\"576\" src=\"https:\/\/el-maschinenboerse.de\/wp-content\/uploads\/2025\/08\/newsletter-1024x576.jpg\" alt=\"\" class=\"wp-image-500 size-full\" style=\"object-position:59% 47%\" srcset=\"https:\/\/www.el-maschinenboerse.de\/wp-content\/uploads\/2025\/08\/newsletter-1024x576.jpg 1024w, https:\/\/www.el-maschinenboerse.de\/wp-content\/uploads\/2025\/08\/newsletter-300x169.jpg 300w, https:\/\/www.el-maschinenboerse.de\/wp-content\/uploads\/2025\/08\/newsletter-768x432.jpg 768w, https:\/\/www.el-maschinenboerse.de\/wp-content\/uploads\/2025\/08\/newsletter.jpg 1366w\" sizes=\"auto, (max-width: 1024px) 100vw, 1024px\" \/><\/figure><\/div>\n<\/div><\/div>\n\n\n\n<p><\/p>","protected":false},"excerpt":{"rendered":"<p>\u00dcBER 30 JAHRE ERFAHRUNG Seit mehr als drei Jahrzehnten sind wir im An- und Verkauf gebrauchter Maschinen f\u00fcr die Beton- und Naturstein-Industrie t\u00e4tig. Mit Seriosit\u00e4t, Fachkenntnis und marktgerechten Preisen sorgen wir daf\u00fcr, dass gebrauchte Maschinen zuverl\u00e4ssig neue Einsatzorte finden. RUNDUM-SERVICE Von der ingenieurtechnischen Beratung \u00fcber Demontage und Wiederaufbau bis hin zu Anlagenprojektierung, internationalem Transport und&#8230;<\/p>","protected":false},"author":1,"featured_media":0,"parent":0,"menu_order":0,"comment_status":"closed","ping_status":"closed","template":"","meta":{"_themeisle_gutenberg_block_has_review":false,"_kadence_starter_templates_imported_post":false,"_kad_post_transparent":"disable","_kad_post_title":"hide","_kad_post_layout":"fullwidth","_kad_post_sidebar_id":"","_kad_post_content_style":"boxed","_kad_post_vertical_padding":"bottom","_kad_post_feature":"hide","_kad_post_feature_position":"","_kad_post_header":false,"_kad_post_footer":false,"footnotes":""},"class_list":["post-309","page","type-page","status-publish","hentry"],"_links":{"self":[{"href":"https:\/\/www.el-maschinenboerse.de\/en\/wp-json\/wp\/v2\/pages\/309","targetHints":{"allow":["GET"]}}],"collection":[{"href":"https:\/\/www.el-maschinenboerse.de\/en\/wp-json\/wp\/v2\/pages"}],"about":[{"href":"https:\/\/www.el-maschinenboerse.de\/en\/wp-json\/wp\/v2\/types\/page"}],"author":[{"embeddable":true,"href":"https:\/\/www.el-maschinenboerse.de\/en\/wp-json\/wp\/v2\/users\/1"}],"replies":[{"embeddable":true,"href":"https:\/\/www.el-maschinenboerse.de\/en\/wp-json\/wp\/v2\/comments?post=309"}],"version-history":[{"count":10,"href":"https:\/\/www.el-maschinenboerse.de\/en\/wp-json\/wp\/v2\/pages\/309\/revisions"}],"predecessor-version":[{"id":1052,"href":"https:\/\/www.el-maschinenboerse.de\/en\/wp-json\/wp\/v2\/pages\/309\/revisions\/1052"}],"wp:attachment":[{"href":"https:\/\/www.el-maschinenboerse.de\/en\/wp-json\/wp\/v2\/media?parent=309"}],"curies":[{"name":"wp","href":"https:\/\/api.w.org\/{rel}","templated":true}]}}